{"id":12003,"date":"2024-12-12T19:56:56","date_gmt":"2024-12-12T16:56:56","guid":{"rendered":"http:\/\/ysseating.com\/?post_type=product&#038;p=12003"},"modified":"2025-03-26T16:37:40","modified_gmt":"2025-03-26T13:37:40","slug":"pm-210","status":"publish","type":"product","link":"https:\/\/ysseating.com\/tr\/urun\/pm-210\/","title":{"rendered":""},"content":{"rendered":"","protected":false},"excerpt":{"rendered":"","protected":false},"featured_media":0,"comment_status":"closed","ping_status":"closed","template":"","meta":[],"product_brand":[],"product_cat":[86],"product_tag":[],"class_list":{"0":"post-12003","1":"product","2":"type-product","3":"status-publish","5":"product_cat-all-products","6":"pa_color-mavi","7":"pa_color-gray","8":"pa_color-kumas","9":"pa_color-turuncu","10":"pa_color-red","11":"pa_color-yellow","12":"pa_color-black","15":"instock","16":"taxable","17":"shipping-taxable","18":"product-type-simple"},"yoast_head":"<!-- This site is optimized with the Yoast SEO plugin v26.2 - https:\/\/yoast.com\/wordpress\/plugins\/seo\/ -->\n<meta name=\"robots\" content=\"index, follow, max-snippet:-1, max-image-preview:large, max-video-preview:-1\" \/>\n<link rel=\"canonical\" href=\"https:\/\/ysseating.com\/tr\/urun\/pm-210\/\" \/>\n<meta property=\"og:locale\" content=\"tr_TR\" \/>\n<meta property=\"og:locale:alternate\" content=\"en_US\" \/>\n<meta property=\"og:type\" content=\"article\" \/>\n<meta property=\"og:title\" content=\"\" \/>\n<meta property=\"og:url\" content=\"https:\/\/ysseating.com\/tr\/urun\/pm-210\/\" \/>\n<meta property=\"article:publisher\" content=\"https:\/\/www.facebook.com\/YSSKoltukSistemleri\" \/>\n<meta property=\"article:modified_time\" content=\"2025-03-26T13:37:40+00:00\" \/>\n<meta property=\"og:image\" content=\"https:\/\/ysseating.com\/wp-content\/uploads\/2023\/05\/PM-210-1.png\" \/>\n\t<meta property=\"og:image:width\" content=\"1200\" \/>\n\t<meta property=\"og:image:height\" content=\"1200\" \/>\n\t<meta property=\"og:image:type\" content=\"image\/png\" \/>\n<meta name=\"twitter:card\" content=\"summary_large_image\" \/>\n<meta name=\"twitter:label1\" content=\"Tahmini okuma s\u00fcresi\" \/>\n\t<meta name=\"twitter:data1\" content=\"1 dakika\" \/>\n<script type=\"application\/ld+json\" class=\"yoast-schema-graph\">{\"@context\":\"https:\/\/schema.org\",\"@graph\":[{\"@type\":\"WebPage\",\"@id\":\"https:\/\/ysseating.com\/urun\/pm-210\/\",\"url\":\"https:\/\/ysseating.com\/urun\/pm-210\/\",\"name\":\"\",\"isPartOf\":{\"@id\":\"https:\/\/ysseating.com\/#website\"},\"datePublished\":\"2024-12-12T16:56:56+00:00\",\"dateModified\":\"2025-03-26T13:37:40+00:00\",\"breadcrumb\":{\"@id\":\"https:\/\/ysseating.com\/urun\/pm-210\/#breadcrumb\"},\"inLanguage\":\"tr\",\"potentialAction\":[{\"@type\":\"ReadAction\",\"target\":[\"https:\/\/ysseating.com\/urun\/pm-210\/\"]}]},{\"@type\":\"BreadcrumbList\",\"@id\":\"https:\/\/ysseating.com\/urun\/pm-210\/#breadcrumb\",\"itemListElement\":[{\"@type\":\"ListItem\",\"position\":1,\"name\":\"Anasayfa\",\"item\":\"https:\/\/ysseating.com\/\"},{\"@type\":\"ListItem\",\"position\":2,\"name\":\"Products\",\"item\":\"https:\/\/ysseating.com\/products\/\"},{\"@type\":\"ListItem\",\"position\":3,\"name\":\"PM 210\"}]},{\"@type\":\"WebSite\",\"@id\":\"https:\/\/ysseating.com\/#website\",\"url\":\"https:\/\/ysseating.com\/\",\"name\":\"YSS TRAKT\u00d6R OTO KOLTUK S\u0130STEMLER\u0130 SAN. VE T\u0130C. A.\u015e.\",\"description\":\"\",\"publisher\":{\"@id\":\"https:\/\/ysseating.com\/#organization\"},\"potentialAction\":[{\"@type\":\"SearchAction\",\"target\":{\"@type\":\"EntryPoint\",\"urlTemplate\":\"https:\/\/ysseating.com\/?s={search_term_string}\"},\"query-input\":{\"@type\":\"PropertyValueSpecification\",\"valueRequired\":true,\"valueName\":\"search_term_string\"}}],\"inLanguage\":\"tr\"},{\"@type\":\"Organization\",\"@id\":\"https:\/\/ysseating.com\/#organization\",\"name\":\"YSS TRAKT\u00d6R OTO KOLTUK S\u0130STEMLER\u0130 SAN. VE T\u0130C. A.\u015e.\",\"url\":\"https:\/\/ysseating.com\/\",\"logo\":{\"@type\":\"ImageObject\",\"inLanguage\":\"tr\",\"@id\":\"https:\/\/ysseating.com\/#\/schema\/logo\/image\/\",\"url\":\"https:\/\/ysseating.com\/wp-content\/uploads\/2023\/05\/yss-logo.svg\",\"contentUrl\":\"https:\/\/ysseating.com\/wp-content\/uploads\/2023\/05\/yss-logo.svg\",\"caption\":\"YSS TRAKT\u00d6R OTO KOLTUK S\u0130STEMLER\u0130 SAN. VE T\u0130C. A.\u015e.\"},\"image\":{\"@id\":\"https:\/\/ysseating.com\/#\/schema\/logo\/image\/\"},\"sameAs\":[\"https:\/\/www.facebook.com\/YSSKoltukSistemleri\",\"https:\/\/www.instagram.com\/yssseating\/\"]}]}<\/script>\n<!-- \/ Yoast SEO plugin. -->","yoast_head_json":{"robots":{"index":"index","follow":"follow","max-snippet":"max-snippet:-1","max-image-preview":"max-image-preview:large","max-video-preview":"max-video-preview:-1"},"canonical":"https:\/\/ysseating.com\/tr\/urun\/pm-210\/","og_locale":"tr_TR","og_type":"article","og_title":"[:en]PM 210[:] -","og_url":"https:\/\/ysseating.com\/tr\/urun\/pm-210\/","article_publisher":"https:\/\/www.facebook.com\/YSSKoltukSistemleri","article_modified_time":"2025-03-26T13:37:40+00:00","og_image":[{"width":1200,"height":1200,"url":"https:\/\/ysseating.com\/wp-content\/uploads\/2023\/05\/PM-210-1.png","type":"image\/png"}],"twitter_card":"summary_large_image","twitter_misc":{"Tahmini okuma s\u00fcresi":"1 dakika"},"schema":{"@context":"https:\/\/schema.org","@graph":[{"@type":"WebPage","@id":"https:\/\/ysseating.com\/urun\/pm-210\/","url":"https:\/\/ysseating.com\/urun\/pm-210\/","name":"","isPartOf":{"@id":"https:\/\/ysseating.com\/#website"},"datePublished":"2024-12-12T16:56:56+00:00","dateModified":"2025-03-26T13:37:40+00:00","breadcrumb":{"@id":"https:\/\/ysseating.com\/urun\/pm-210\/#breadcrumb"},"inLanguage":"tr","potentialAction":[{"@type":"ReadAction","target":["https:\/\/ysseating.com\/urun\/pm-210\/"]}]},{"@type":"BreadcrumbList","@id":"https:\/\/ysseating.com\/urun\/pm-210\/#breadcrumb","itemListElement":[{"@type":"ListItem","position":1,"name":"Anasayfa","item":"https:\/\/ysseating.com\/"},{"@type":"ListItem","position":2,"name":"Products","item":"https:\/\/ysseating.com\/products\/"},{"@type":"ListItem","position":3,"name":"PM 210"}]},{"@type":"WebSite","@id":"https:\/\/ysseating.com\/#website","url":"https:\/\/ysseating.com\/","name":"YSS TRAKT\u00d6R OTO KOLTUK S\u0130STEMLER\u0130 SAN. VE T\u0130C. A.\u015e.","description":"","publisher":{"@id":"https:\/\/ysseating.com\/#organization"},"potentialAction":[{"@type":"SearchAction","target":{"@type":"EntryPoint","urlTemplate":"https:\/\/ysseating.com\/?s={search_term_string}"},"query-input":{"@type":"PropertyValueSpecification","valueRequired":true,"valueName":"search_term_string"}}],"inLanguage":"tr"},{"@type":"Organization","@id":"https:\/\/ysseating.com\/#organization","name":"YSS TRAKT\u00d6R OTO KOLTUK S\u0130STEMLER\u0130 SAN. VE T\u0130C. A.\u015e.","url":"https:\/\/ysseating.com\/","logo":{"@type":"ImageObject","inLanguage":"tr","@id":"https:\/\/ysseating.com\/#\/schema\/logo\/image\/","url":"https:\/\/ysseating.com\/wp-content\/uploads\/2023\/05\/yss-logo.svg","contentUrl":"https:\/\/ysseating.com\/wp-content\/uploads\/2023\/05\/yss-logo.svg","caption":"YSS TRAKT\u00d6R OTO KOLTUK S\u0130STEMLER\u0130 SAN. VE T\u0130C. A.\u015e."},"image":{"@id":"https:\/\/ysseating.com\/#\/schema\/logo\/image\/"},"sameAs":["https:\/\/www.facebook.com\/YSSKoltukSistemleri","https:\/\/www.instagram.com\/yssseating\/"]}]}},"_links":{"self":[{"href":"https:\/\/ysseating.com\/tr\/wp-json\/wp\/v2\/product\/12003","targetHints":{"allow":["GET"]}}],"collection":[{"href":"https:\/\/ysseating.com\/tr\/wp-json\/wp\/v2\/product"}],"about":[{"href":"https:\/\/ysseating.com\/tr\/wp-json\/wp\/v2\/types\/product"}],"replies":[{"embeddable":true,"href":"https:\/\/ysseating.com\/tr\/wp-json\/wp\/v2\/comments?post=12003"}],"wp:attachment":[{"href":"https:\/\/ysseating.com\/tr\/wp-json\/wp\/v2\/media?parent=12003"}],"wp:term":[{"taxonomy":"product_brand","embeddable":true,"href":"https:\/\/ysseating.com\/tr\/wp-json\/wp\/v2\/product_brand?post=12003"},{"taxonomy":"product_cat","embeddable":true,"href":"https:\/\/ysseating.com\/tr\/wp-json\/wp\/v2\/product_cat?post=12003"},{"taxonomy":"product_tag","embeddable":true,"href":"https:\/\/ysseating.com\/tr\/wp-json\/wp\/v2\/product_tag?post=12003"}],"curies":[{"name":"wp","href":"https:\/\/api.w.org\/{rel}","templated":true}]}}