{"id":11548,"date":"2024-12-12T20:02:04","date_gmt":"2024-12-12T17:02:04","guid":{"rendered":"http:\/\/ysseating.com\/?post_type=product&#038;p=11548"},"modified":"2024-12-13T15:46:53","modified_gmt":"2024-12-13T12:46:53","slug":"scs-710-arh","status":"publish","type":"product","link":"https:\/\/ysseating.com\/tr\/urun\/scs-710-arh\/","title":{"rendered":"SCS 710 ARH"},"content":{"rendered":"","protected":false},"excerpt":{"rendered":"<p><strong>STANDART \u00d6ZELL\u0130KLER<\/strong><\/p>\n<ul id=\"properties\" class=\"properties\">\n<li>Mekanik s\u00fcspansiyon (pantograph tipi)<\/li>\n<li>Dikey y\u00fckseklik ayar\u0131 100 mm (4&#8243;)<\/li>\n<li>\u0130leri geri k\u0131zak ayar\u0131 150 mm (6&#8243;)<\/li>\n<li>S\u00fcr\u00fcc\u00fc a\u011f\u0131rl\u0131k ayar\u0131 50-120 kg. (110-264 lb)<\/li>\n<li>D\u00f6\u015feme \u00fczeri su ve hava tahliye kanal\u0131<\/li>\n<li>\u00dcniversal ba\u011flant\u0131 taban\u0131<\/li>\n<li>D\u00f6\u015feme geni\u015fli\u011fi 451 mm.<\/li>\n<li>S\u00fcr\u00fcc\u00fc y\u00fckseklik ayar\u0131 70 mm<\/li>\n<li>S\u00fcspansiyon kapa\u011f\u0131<\/li>\n<li>Ba\u015fl\u0131k ve kol\u00e7akl\u0131<\/li>\n<\/ul>\n<p><strong> OPS\u0130YONEL \u00d6ZELL\u0130KLER<\/strong><\/p>\n<ul id=\"optional\" class=\"optional\">\n<li>Emniyet kemeri (otomatik yada statik)<\/li>\n<li>Kuma\u015f kaplama<\/li>\n<li>Emniyet anahtar\u0131<\/li>\n<li>D\u00f6ner mekanizma<\/li>\n<\/ul>\n<p><a href=\"http:\/\/ysseating.com\/wp-content\/uploads\/2023\/05\/yazar-tasit-koltuklari-renk-secenegi.jpg\"><img loading=\"lazy\" decoding=\"async\" class=\"alignnone size-full wp-image-11509\" src=\"http:\/\/ysseating.com\/wp-content\/uploads\/2023\/05\/yazar-tasit-koltuklari-renk-secenegi.jpg\" alt=\"\" width=\"259\" height=\"104\" \/><\/a><\/p>\n","protected":false},"featured_media":11681,"comment_status":"closed","ping_status":"closed","template":"","meta":[],"product_brand":[],"product_cat":[86],"product_tag":[],"class_list":{"0":"post-11548","1":"product","2":"type-product","3":"status-publish","4":"has-post-thumbnail","6":"product_cat-all-products","9":"instock","10":"taxable","11":"shipping-taxable","12":"product-type-simple"},"yoast_head":"<!-- This site is optimized with the Yoast SEO plugin v26.2 - https:\/\/yoast.com\/wordpress\/plugins\/seo\/ -->\n<title>SCS 710 ARH -<\/title>\n<meta name=\"robots\" content=\"index, follow, max-snippet:-1, max-image-preview:large, max-video-preview:-1\" \/>\n<link rel=\"canonical\" href=\"https:\/\/ysseating.com\/tr\/urun\/scs-710-arh\/\" \/>\n<meta property=\"og:locale\" content=\"tr_TR\" \/>\n<meta property=\"og:locale:alternate\" content=\"en_US\" \/>\n<meta property=\"og:type\" content=\"article\" \/>\n<meta property=\"og:title\" content=\"SCS 710 ARH -\" \/>\n<meta property=\"og:description\" content=\"STANDART \u00d6ZELL\u0130KLER   Mekanik s\u00fcspansiyon (pantograph tipi)  Dikey y\u00fckseklik ayar\u0131 100 mm (4&quot;)  \u0130leri geri k\u0131zak ayar\u0131 150 mm (6&quot;)  S\u00fcr\u00fcc\u00fc a\u011f\u0131rl\u0131k ayar\u0131 50-120 kg. (110-264 lb)  D\u00f6\u015feme \u00fczeri su ve hava tahliye kanal\u0131  \u00dcniversal ba\u011flant\u0131 taban\u0131  D\u00f6\u015feme geni\u015fli\u011fi 451 mm.  S\u00fcr\u00fcc\u00fc y\u00fckseklik ayar\u0131 70 mm  S\u00fcspansiyon kapa\u011f\u0131  Ba\u015fl\u0131k ve kol\u00e7akl\u0131   OPS\u0130YONEL \u00d6ZELL\u0130KLER   Emniyet kemeri (otomatik yada statik)  Kuma\u015f kaplama  Emniyet anahtar\u0131  D\u00f6ner mekanizma\" \/>\n<meta property=\"og:url\" content=\"https:\/\/ysseating.com\/tr\/urun\/scs-710-arh\/\" \/>\n<meta property=\"article:publisher\" content=\"https:\/\/www.facebook.com\/YSSKoltukSistemleri\" \/>\n<meta property=\"article:modified_time\" content=\"2024-12-13T12:46:53+00:00\" \/>\n<meta property=\"og:image\" content=\"https:\/\/ysseating.com\/wp-content\/uploads\/2023\/05\/SCS-710-ARH-1.png\" \/>\n\t<meta property=\"og:image:width\" content=\"1200\" \/>\n\t<meta property=\"og:image:height\" content=\"1200\" \/>\n\t<meta property=\"og:image:type\" content=\"image\/png\" \/>\n<meta name=\"twitter:card\" content=\"summary_large_image\" \/>\n<meta name=\"twitter:label1\" content=\"Tahmini okuma s\u00fcresi\" \/>\n\t<meta name=\"twitter:data1\" content=\"1 dakika\" \/>\n<script type=\"application\/ld+json\" class=\"yoast-schema-graph\">{\"@context\":\"https:\/\/schema.org\",\"@graph\":[{\"@type\":\"WebPage\",\"@id\":\"https:\/\/ysseating.com\/urun\/scs-710-arh\/\",\"url\":\"https:\/\/ysseating.com\/urun\/scs-710-arh\/\",\"name\":\"SCS 710 ARH -\",\"isPartOf\":{\"@id\":\"https:\/\/ysseating.com\/#website\"},\"primaryImageOfPage\":{\"@id\":\"https:\/\/ysseating.com\/urun\/scs-710-arh\/#primaryimage\"},\"image\":{\"@id\":\"https:\/\/ysseating.com\/urun\/scs-710-arh\/#primaryimage\"},\"thumbnailUrl\":\"https:\/\/ysseating.com\/wp-content\/uploads\/2023\/05\/SCS-710-ARH-1.png\",\"datePublished\":\"2024-12-12T17:02:04+00:00\",\"dateModified\":\"2024-12-13T12:46:53+00:00\",\"breadcrumb\":{\"@id\":\"https:\/\/ysseating.com\/urun\/scs-710-arh\/#breadcrumb\"},\"inLanguage\":\"tr\",\"potentialAction\":[{\"@type\":\"ReadAction\",\"target\":[\"https:\/\/ysseating.com\/urun\/scs-710-arh\/\"]}]},{\"@type\":\"ImageObject\",\"inLanguage\":\"tr\",\"@id\":\"https:\/\/ysseating.com\/urun\/scs-710-arh\/#primaryimage\",\"url\":\"https:\/\/ysseating.com\/wp-content\/uploads\/2023\/05\/SCS-710-ARH-1.png\",\"contentUrl\":\"https:\/\/ysseating.com\/wp-content\/uploads\/2023\/05\/SCS-710-ARH-1.png\",\"width\":1200,\"height\":1200},{\"@type\":\"BreadcrumbList\",\"@id\":\"https:\/\/ysseating.com\/urun\/scs-710-arh\/#breadcrumb\",\"itemListElement\":[{\"@type\":\"ListItem\",\"position\":1,\"name\":\"Anasayfa\",\"item\":\"https:\/\/ysseating.com\/\"},{\"@type\":\"ListItem\",\"position\":2,\"name\":\"Products\",\"item\":\"https:\/\/ysseating.com\/products\/\"},{\"@type\":\"ListItem\",\"position\":3,\"name\":\"SCS 710 ARH\"}]},{\"@type\":\"WebSite\",\"@id\":\"https:\/\/ysseating.com\/#website\",\"url\":\"https:\/\/ysseating.com\/\",\"name\":\"YSS TRAKT\u00d6R OTO KOLTUK S\u0130STEMLER\u0130 SAN. VE T\u0130C. A.\u015e.\",\"description\":\"\",\"publisher\":{\"@id\":\"https:\/\/ysseating.com\/#organization\"},\"potentialAction\":[{\"@type\":\"SearchAction\",\"target\":{\"@type\":\"EntryPoint\",\"urlTemplate\":\"https:\/\/ysseating.com\/?s={search_term_string}\"},\"query-input\":{\"@type\":\"PropertyValueSpecification\",\"valueRequired\":true,\"valueName\":\"search_term_string\"}}],\"inLanguage\":\"tr\"},{\"@type\":\"Organization\",\"@id\":\"https:\/\/ysseating.com\/#organization\",\"name\":\"YSS TRAKT\u00d6R OTO KOLTUK S\u0130STEMLER\u0130 SAN. VE T\u0130C. A.\u015e.\",\"url\":\"https:\/\/ysseating.com\/\",\"logo\":{\"@type\":\"ImageObject\",\"inLanguage\":\"tr\",\"@id\":\"https:\/\/ysseating.com\/#\/schema\/logo\/image\/\",\"url\":\"https:\/\/ysseating.com\/wp-content\/uploads\/2023\/05\/yss-logo.svg\",\"contentUrl\":\"https:\/\/ysseating.com\/wp-content\/uploads\/2023\/05\/yss-logo.svg\",\"caption\":\"YSS TRAKT\u00d6R OTO KOLTUK S\u0130STEMLER\u0130 SAN. VE T\u0130C. A.\u015e.\"},\"image\":{\"@id\":\"https:\/\/ysseating.com\/#\/schema\/logo\/image\/\"},\"sameAs\":[\"https:\/\/www.facebook.com\/YSSKoltukSistemleri\",\"https:\/\/www.instagram.com\/yssseating\/\"]}]}<\/script>\n<!-- \/ Yoast SEO plugin. -->","yoast_head_json":{"title":"SCS 710 ARH -","robots":{"index":"index","follow":"follow","max-snippet":"max-snippet:-1","max-image-preview":"max-image-preview:large","max-video-preview":"max-video-preview:-1"},"canonical":"https:\/\/ysseating.com\/tr\/urun\/scs-710-arh\/","og_locale":"tr_TR","og_type":"article","og_title":"SCS 710 ARH -","og_description":"STANDART \u00d6ZELL\u0130KLER   Mekanik s\u00fcspansiyon (pantograph tipi)  Dikey y\u00fckseklik ayar\u0131 100 mm (4\")  \u0130leri geri k\u0131zak ayar\u0131 150 mm (6\")  S\u00fcr\u00fcc\u00fc a\u011f\u0131rl\u0131k ayar\u0131 50-120 kg. (110-264 lb)  D\u00f6\u015feme \u00fczeri su ve hava tahliye kanal\u0131  \u00dcniversal ba\u011flant\u0131 taban\u0131  D\u00f6\u015feme geni\u015fli\u011fi 451 mm.  S\u00fcr\u00fcc\u00fc y\u00fckseklik ayar\u0131 70 mm  S\u00fcspansiyon kapa\u011f\u0131  Ba\u015fl\u0131k ve kol\u00e7akl\u0131   OPS\u0130YONEL \u00d6ZELL\u0130KLER   Emniyet kemeri (otomatik yada statik)  Kuma\u015f kaplama  Emniyet anahtar\u0131  D\u00f6ner mekanizma","og_url":"https:\/\/ysseating.com\/tr\/urun\/scs-710-arh\/","article_publisher":"https:\/\/www.facebook.com\/YSSKoltukSistemleri","article_modified_time":"2024-12-13T12:46:53+00:00","og_image":[{"width":1200,"height":1200,"url":"https:\/\/ysseating.com\/wp-content\/uploads\/2023\/05\/SCS-710-ARH-1.png","type":"image\/png"}],"twitter_card":"summary_large_image","twitter_misc":{"Tahmini okuma s\u00fcresi":"1 dakika"},"schema":{"@context":"https:\/\/schema.org","@graph":[{"@type":"WebPage","@id":"https:\/\/ysseating.com\/urun\/scs-710-arh\/","url":"https:\/\/ysseating.com\/urun\/scs-710-arh\/","name":"SCS 710 ARH -","isPartOf":{"@id":"https:\/\/ysseating.com\/#website"},"primaryImageOfPage":{"@id":"https:\/\/ysseating.com\/urun\/scs-710-arh\/#primaryimage"},"image":{"@id":"https:\/\/ysseating.com\/urun\/scs-710-arh\/#primaryimage"},"thumbnailUrl":"https:\/\/ysseating.com\/wp-content\/uploads\/2023\/05\/SCS-710-ARH-1.png","datePublished":"2024-12-12T17:02:04+00:00","dateModified":"2024-12-13T12:46:53+00:00","breadcrumb":{"@id":"https:\/\/ysseating.com\/urun\/scs-710-arh\/#breadcrumb"},"inLanguage":"tr","potentialAction":[{"@type":"ReadAction","target":["https:\/\/ysseating.com\/urun\/scs-710-arh\/"]}]},{"@type":"ImageObject","inLanguage":"tr","@id":"https:\/\/ysseating.com\/urun\/scs-710-arh\/#primaryimage","url":"https:\/\/ysseating.com\/wp-content\/uploads\/2023\/05\/SCS-710-ARH-1.png","contentUrl":"https:\/\/ysseating.com\/wp-content\/uploads\/2023\/05\/SCS-710-ARH-1.png","width":1200,"height":1200},{"@type":"BreadcrumbList","@id":"https:\/\/ysseating.com\/urun\/scs-710-arh\/#breadcrumb","itemListElement":[{"@type":"ListItem","position":1,"name":"Anasayfa","item":"https:\/\/ysseating.com\/"},{"@type":"ListItem","position":2,"name":"Products","item":"https:\/\/ysseating.com\/products\/"},{"@type":"ListItem","position":3,"name":"SCS 710 ARH"}]},{"@type":"WebSite","@id":"https:\/\/ysseating.com\/#website","url":"https:\/\/ysseating.com\/","name":"YSS TRAKT\u00d6R OTO KOLTUK S\u0130STEMLER\u0130 SAN. VE T\u0130C. A.\u015e.","description":"","publisher":{"@id":"https:\/\/ysseating.com\/#organization"},"potentialAction":[{"@type":"SearchAction","target":{"@type":"EntryPoint","urlTemplate":"https:\/\/ysseating.com\/?s={search_term_string}"},"query-input":{"@type":"PropertyValueSpecification","valueRequired":true,"valueName":"search_term_string"}}],"inLanguage":"tr"},{"@type":"Organization","@id":"https:\/\/ysseating.com\/#organization","name":"YSS TRAKT\u00d6R OTO KOLTUK S\u0130STEMLER\u0130 SAN. VE T\u0130C. A.\u015e.","url":"https:\/\/ysseating.com\/","logo":{"@type":"ImageObject","inLanguage":"tr","@id":"https:\/\/ysseating.com\/#\/schema\/logo\/image\/","url":"https:\/\/ysseating.com\/wp-content\/uploads\/2023\/05\/yss-logo.svg","contentUrl":"https:\/\/ysseating.com\/wp-content\/uploads\/2023\/05\/yss-logo.svg","caption":"YSS TRAKT\u00d6R OTO KOLTUK S\u0130STEMLER\u0130 SAN. VE T\u0130C. A.\u015e."},"image":{"@id":"https:\/\/ysseating.com\/#\/schema\/logo\/image\/"},"sameAs":["https:\/\/www.facebook.com\/YSSKoltukSistemleri","https:\/\/www.instagram.com\/yssseating\/"]}]}},"_links":{"self":[{"href":"https:\/\/ysseating.com\/tr\/wp-json\/wp\/v2\/product\/11548","targetHints":{"allow":["GET"]}}],"collection":[{"href":"https:\/\/ysseating.com\/tr\/wp-json\/wp\/v2\/product"}],"about":[{"href":"https:\/\/ysseating.com\/tr\/wp-json\/wp\/v2\/types\/product"}],"replies":[{"embeddable":true,"href":"https:\/\/ysseating.com\/tr\/wp-json\/wp\/v2\/comments?post=11548"}],"wp:featuredmedia":[{"embeddable":true,"href":"https:\/\/ysseating.com\/tr\/wp-json\/wp\/v2\/media\/11681"}],"wp:attachment":[{"href":"https:\/\/ysseating.com\/tr\/wp-json\/wp\/v2\/media?parent=11548"}],"wp:term":[{"taxonomy":"product_brand","embeddable":true,"href":"https:\/\/ysseating.com\/tr\/wp-json\/wp\/v2\/product_brand?post=11548"},{"taxonomy":"product_cat","embeddable":true,"href":"https:\/\/ysseating.com\/tr\/wp-json\/wp\/v2\/product_cat?post=11548"},{"taxonomy":"product_tag","embeddable":true,"href":"https:\/\/ysseating.com\/tr\/wp-json\/wp\/v2\/product_tag?post=11548"}],"curies":[{"name":"wp","href":"https:\/\/api.w.org\/{rel}","templated":true}]}}