{"id":12198,"date":"2025-01-06T08:51:08","date_gmt":"2025-01-06T05:51:08","guid":{"rendered":"http:\/\/ysseating.com\/?page_id=12198"},"modified":"2025-10-09T13:54:28","modified_gmt":"2025-10-09T10:54:28","slug":"e-catalog","status":"publish","type":"page","link":"https:\/\/ysseating.com\/tr\/e-catalog\/","title":{"rendered":""},"content":{"rendered":"","protected":false},"excerpt":{"rendered":"","protected":false},"author":1,"featured_media":0,"parent":0,"menu_order":0,"comment_status":"closed","ping_status":"closed","template":"","meta":{"footnotes":""},"class_list":["post-12198","page","type-page","status-publish","hentry"],"yoast_head":"<!-- This site is optimized with the Yoast SEO plugin v26.2 - https:\/\/yoast.com\/wordpress\/plugins\/seo\/ -->\n<title>-<\/title>\n<meta name=\"robots\" content=\"index, follow, max-snippet:-1, max-image-preview:large, max-video-preview:-1\" \/>\n<link rel=\"canonical\" href=\"https:\/\/ysseating.com\/tr\/e-catalog\/\" \/>\n<meta property=\"og:locale\" content=\"tr_TR\" \/>\n<meta property=\"og:locale:alternate\" content=\"en_US\" \/>\n<meta property=\"og:type\" content=\"article\" \/>\n<meta property=\"og:title\" content=\"-\" \/>\n<meta property=\"og:url\" content=\"https:\/\/ysseating.com\/tr\/e-catalog\/\" \/>\n<meta property=\"article:publisher\" content=\"https:\/\/www.facebook.com\/YSSKoltukSistemleri\" \/>\n<meta property=\"article:modified_time\" content=\"2025-10-09T10:54:28+00:00\" \/>\n<meta name=\"twitter:card\" content=\"summary_large_image\" \/>\n<meta name=\"twitter:label1\" content=\"Tahmini okuma s\u00fcresi\" \/>\n\t<meta name=\"twitter:data1\" content=\"1 dakika\" \/>\n<script type=\"application\/ld+json\" class=\"yoast-schema-graph\">{\"@context\":\"https:\/\/schema.org\",\"@graph\":[{\"@type\":\"WebPage\",\"@id\":\"https:\/\/ysseating.com\/e-catalog\/\",\"url\":\"https:\/\/ysseating.com\/e-catalog\/\",\"name\":\"-\",\"isPartOf\":{\"@id\":\"https:\/\/ysseating.com\/#website\"},\"datePublished\":\"2025-01-06T05:51:08+00:00\",\"dateModified\":\"2025-10-09T10:54:28+00:00\",\"breadcrumb\":{\"@id\":\"https:\/\/ysseating.com\/e-catalog\/#breadcrumb\"},\"inLanguage\":\"tr\",\"potentialAction\":[{\"@type\":\"ReadAction\",\"target\":[\"https:\/\/ysseating.com\/e-catalog\/\"]}]},{\"@type\":\"BreadcrumbList\",\"@id\":\"https:\/\/ysseating.com\/e-catalog\/#breadcrumb\",\"itemListElement\":[{\"@type\":\"ListItem\",\"position\":1,\"name\":\"Anasayfa\",\"item\":\"https:\/\/ysseating.com\/\"},{\"@type\":\"ListItem\",\"position\":2,\"name\":\"E-Catalog\"}]},{\"@type\":\"WebSite\",\"@id\":\"https:\/\/ysseating.com\/#website\",\"url\":\"https:\/\/ysseating.com\/\",\"name\":\"YSS TRAKT\u00d6R OTO KOLTUK S\u0130STEMLER\u0130 SAN. VE T\u0130C. A.\u015e.\",\"description\":\"\",\"publisher\":{\"@id\":\"https:\/\/ysseating.com\/#organization\"},\"potentialAction\":[{\"@type\":\"SearchAction\",\"target\":{\"@type\":\"EntryPoint\",\"urlTemplate\":\"https:\/\/ysseating.com\/?s={search_term_string}\"},\"query-input\":{\"@type\":\"PropertyValueSpecification\",\"valueRequired\":true,\"valueName\":\"search_term_string\"}}],\"inLanguage\":\"tr\"},{\"@type\":\"Organization\",\"@id\":\"https:\/\/ysseating.com\/#organization\",\"name\":\"YSS TRAKT\u00d6R OTO KOLTUK S\u0130STEMLER\u0130 SAN. VE T\u0130C. A.\u015e.\",\"url\":\"https:\/\/ysseating.com\/\",\"logo\":{\"@type\":\"ImageObject\",\"inLanguage\":\"tr\",\"@id\":\"https:\/\/ysseating.com\/#\/schema\/logo\/image\/\",\"url\":\"https:\/\/ysseating.com\/wp-content\/uploads\/2023\/05\/yss-logo.svg\",\"contentUrl\":\"https:\/\/ysseating.com\/wp-content\/uploads\/2023\/05\/yss-logo.svg\",\"caption\":\"YSS TRAKT\u00d6R OTO KOLTUK S\u0130STEMLER\u0130 SAN. VE T\u0130C. A.\u015e.\"},\"image\":{\"@id\":\"https:\/\/ysseating.com\/#\/schema\/logo\/image\/\"},\"sameAs\":[\"https:\/\/www.facebook.com\/YSSKoltukSistemleri\",\"https:\/\/www.instagram.com\/yssseating\/\"]}]}<\/script>\n<!-- \/ Yoast SEO plugin. -->","yoast_head_json":{"title":"-","robots":{"index":"index","follow":"follow","max-snippet":"max-snippet:-1","max-image-preview":"max-image-preview:large","max-video-preview":"max-video-preview:-1"},"canonical":"https:\/\/ysseating.com\/tr\/e-catalog\/","og_locale":"tr_TR","og_type":"article","og_title":"-","og_url":"https:\/\/ysseating.com\/tr\/e-catalog\/","article_publisher":"https:\/\/www.facebook.com\/YSSKoltukSistemleri","article_modified_time":"2025-10-09T10:54:28+00:00","twitter_card":"summary_large_image","twitter_misc":{"Tahmini okuma s\u00fcresi":"1 dakika"},"schema":{"@context":"https:\/\/schema.org","@graph":[{"@type":"WebPage","@id":"https:\/\/ysseating.com\/e-catalog\/","url":"https:\/\/ysseating.com\/e-catalog\/","name":"-","isPartOf":{"@id":"https:\/\/ysseating.com\/#website"},"datePublished":"2025-01-06T05:51:08+00:00","dateModified":"2025-10-09T10:54:28+00:00","breadcrumb":{"@id":"https:\/\/ysseating.com\/e-catalog\/#breadcrumb"},"inLanguage":"tr","potentialAction":[{"@type":"ReadAction","target":["https:\/\/ysseating.com\/e-catalog\/"]}]},{"@type":"BreadcrumbList","@id":"https:\/\/ysseating.com\/e-catalog\/#breadcrumb","itemListElement":[{"@type":"ListItem","position":1,"name":"Anasayfa","item":"https:\/\/ysseating.com\/"},{"@type":"ListItem","position":2,"name":"E-Catalog"}]},{"@type":"WebSite","@id":"https:\/\/ysseating.com\/#website","url":"https:\/\/ysseating.com\/","name":"YSS TRAKT\u00d6R OTO KOLTUK S\u0130STEMLER\u0130 SAN. VE T\u0130C. A.\u015e.","description":"","publisher":{"@id":"https:\/\/ysseating.com\/#organization"},"potentialAction":[{"@type":"SearchAction","target":{"@type":"EntryPoint","urlTemplate":"https:\/\/ysseating.com\/?s={search_term_string}"},"query-input":{"@type":"PropertyValueSpecification","valueRequired":true,"valueName":"search_term_string"}}],"inLanguage":"tr"},{"@type":"Organization","@id":"https:\/\/ysseating.com\/#organization","name":"YSS TRAKT\u00d6R OTO KOLTUK S\u0130STEMLER\u0130 SAN. VE T\u0130C. A.\u015e.","url":"https:\/\/ysseating.com\/","logo":{"@type":"ImageObject","inLanguage":"tr","@id":"https:\/\/ysseating.com\/#\/schema\/logo\/image\/","url":"https:\/\/ysseating.com\/wp-content\/uploads\/2023\/05\/yss-logo.svg","contentUrl":"https:\/\/ysseating.com\/wp-content\/uploads\/2023\/05\/yss-logo.svg","caption":"YSS TRAKT\u00d6R OTO KOLTUK S\u0130STEMLER\u0130 SAN. VE T\u0130C. A.\u015e."},"image":{"@id":"https:\/\/ysseating.com\/#\/schema\/logo\/image\/"},"sameAs":["https:\/\/www.facebook.com\/YSSKoltukSistemleri","https:\/\/www.instagram.com\/yssseating\/"]}]}},"_links":{"self":[{"href":"https:\/\/ysseating.com\/tr\/wp-json\/wp\/v2\/pages\/12198","targetHints":{"allow":["GET"]}}],"collection":[{"href":"https:\/\/ysseating.com\/tr\/wp-json\/wp\/v2\/pages"}],"about":[{"href":"https:\/\/ysseating.com\/tr\/wp-json\/wp\/v2\/types\/page"}],"author":[{"embeddable":true,"href":"https:\/\/ysseating.com\/tr\/wp-json\/wp\/v2\/users\/1"}],"replies":[{"embeddable":true,"href":"https:\/\/ysseating.com\/tr\/wp-json\/wp\/v2\/comments?post=12198"}],"version-history":[{"count":8,"href":"https:\/\/ysseating.com\/tr\/wp-json\/wp\/v2\/pages\/12198\/revisions"}],"predecessor-version":[{"id":12273,"href":"https:\/\/ysseating.com\/tr\/wp-json\/wp\/v2\/pages\/12198\/revisions\/12273"}],"wp:attachment":[{"href":"https:\/\/ysseating.com\/tr\/wp-json\/wp\/v2\/media?parent=12198"}],"curies":[{"name":"wp","href":"https:\/\/api.w.org\/{rel}","templated":true}]}}